{"id":398,"date":"2021-02-22T15:09:31","date_gmt":"2021-02-22T15:09:31","guid":{"rendered":"https:\/\/guiesviaferratacaladelmoli.com\/contacto\/"},"modified":"2021-03-06T15:08:29","modified_gmt":"2021-03-06T15:08:29","slug":"contact","status":"publish","type":"page","link":"https:\/\/guiesviaferratacaladelmoli.com\/fr\/contact\/","title":{"rendered":"Contact"},"content":{"rendered":"<p>[et_pb_section fb_built=\u00a0\u00bb1&Prime; fullwidth=\u00a0\u00bbon\u00a0\u00bb _builder_version=\u00a0\u00bb4.5.0&Prime; _module_preset=\u00a0\u00bbdefault\u00a0\u00bb][et_pb_fullwidth_header header_fullscreen=\u00a0\u00bbon\u00a0\u00bb _builder_version=\u00a0\u00bb4.5.0&Prime; _module_preset=\u00a0\u00bbdefault\u00a0\u00bb background_enable_color=\u00a0\u00bboff\u00a0\u00bb background_image=\u00a0\u00bbhttps:\/\/guiesviaferratacaladelmoli.com\/wp-content\/uploads\/2021\/02\/viaferratacontactofoto.jpg\u00a0\u00bb custom_margin=\u00a0\u00bb1px||||false|false\u00a0\u00bb custom_padding=\u00a0\u00bb350px||||false|false\u00a0\u00bb][\/et_pb_fullwidth_header][\/et_pb_section][et_pb_section fb_built=\u00a0\u00bb1&Prime; custom_padding_last_edited=\u00a0\u00bbon|desktop\u00a0\u00bb admin_label=\u00a0\u00bbsection\u00a0\u00bb _builder_version=\u00a0\u00bb4.4.2&Prime; custom_padding_tablet=\u00a0\u00bb50px|0|50px|0&Prime; custom_padding_phone=\u00a0\u00bb\u00a0\u00bb top_divider_color=\u00a0\u00bbrgba(43,130,58,0.79)\u00a0\u00bb transparent_background=\u00a0\u00bboff\u00a0\u00bb padding_mobile=\u00a0\u00bboff\u00a0\u00bb][et_pb_row column_structure=\u00a0\u00bb1_2,1_2&Prime; _builder_version=\u00a0\u00bb4.4.2&Prime;][et_pb_column type=\u00a0\u00bb1_2&Prime; _builder_version=\u00a0\u00bb4.4.2&Prime;][et_pb_text disabled_on=\u00a0\u00bboff|off|off\u00a0\u00bb _builder_version=\u00a0\u00bb4.5.0&Prime; text_text_color=\u00a0\u00bb#e09900&Prime; text_font_size=\u00a0\u00bb20px\u00a0\u00bb custom_margin=\u00a0\u00bb-30px||-10px||false|false\u00a0\u00bb custom_padding=\u00a0\u00bb19px||0px||false|false\u00a0\u00bb]<\/p>\n<p>Vous pouvez nous contacter maintenant :<\/p>\n<p>[\/et_pb_text][dsm_button button_one_text=\u00a0\u00bbT\u00e9l\u00e9phone\u00a0\u00bb button_one_url_type=\u00a0\u00bbphone\u00a0\u00bb button_one_phone_number=\u00a0\u00bb+34640688966&Prime; button_one_lightbox_close_color=\u00a0\u00bbrgba(0,0,0,0)\u00a0\u00bb button_one_lightbox_max_width=\u00a0\u00bb1200px\u00a0\u00bb button_one_tooltip=\u00a0\u00bbon\u00a0\u00bb button_one_tooltip_content=\u00a0\u00bbSi vous avez des questions, contactez-nous\u00a0\u00bb button_one_tooltip_arrow=\u00a0\u00bboff\u00a0\u00bb button_one_tooltip_placement=\u00a0\u00bbbottom\u00a0\u00bb button_one_tooltip_bg_color=\u00a0\u00bb#e09900&Prime; button_two_text=\u00a0\u00bbWatsapp\u00a0\u00bb button_two_url_type=\u00a0\u00bbwhatsapp\u00a0\u00bb button_two_whatsapp_number=\u00a0\u00bb+34640688966&Prime; button_two_whatsapp_msg=\u00a0\u00bbNombre :<br \/>\nFecha de la via :<br \/>\nN\u00famero de personas :<br \/>\n\u00a0\u00bb button_two_tooltip=\u00a0\u00bbon\u00a0\u00bb button_two_tooltip_content=\u00a0\u00bbquel doute as-tu? nous allons le r\u00e9soudre pour vous pour le moment\u00a0\u00bb button_two_tooltip_placement=\u00a0\u00bbbottom\u00a0\u00bb button_two_tooltip_bg_color=\u00a0\u00bb#e09900&Prime; button_alignment=\u00a0\u00bbcenter\u00a0\u00bb remove_separator_text_on_mobile=\u00a0\u00bbon\u00a0\u00bb disabled_on=\u00a0\u00bboff|off|off\u00a0\u00bb _builder_version=\u00a0\u00bb4.5.0&Prime; custom_margin=\u00a0\u00bb4px||||false|false\u00a0\u00bb custom_padding=\u00a0\u00bb81px||||false|false\u00a0\u00bb motion_trigger_start=\u00a0\u00bbbottom\u00a0\u00bb hover_enabled=\u00a0\u00bb0&Prime;][\/dsm_button][et_pb_divider color=\u00a0\u00bb#e09900&Prime; divider_weight=\u00a0\u00bb2px\u00a0\u00bb _builder_version=\u00a0\u00bb4.4.2&Prime; custom_margin=\u00a0\u00bb5px||-31px||false|false\u00a0\u00bb custom_padding=\u00a0\u00bb45px||||false|false\u00a0\u00bb][\/et_pb_divider][dsm_icon_list _builder_version=\u00a0\u00bb4.5.0&Prime;][\/dsm_icon_list][et_pb_image _builder_version=\u00a0\u00bb4.4.2&Prime;][\/et_pb_image][\/et_pb_column][et_pb_column type=\u00a0\u00bb1_2&Prime; _builder_version=\u00a0\u00bb4.4.2&Prime;][\/et_pb_column][\/et_pb_row][\/et_pb_section][et_pb_section fb_built=\u00a0\u00bb1&Prime; _builder_version=\u00a0\u00bb4.4.2&Prime; custom_margin=\u00a0\u00bb-66px||||false|false\u00a0\u00bb][et_pb_row column_structure=\u00a0\u00bb1_2,1_2&Prime; _builder_version=\u00a0\u00bb4.4.2&Prime; custom_margin=\u00a0\u00bb-57px||-1px||false|false\u00a0\u00bb][et_pb_column type=\u00a0\u00bb1_2&Prime; _builder_version=\u00a0\u00bb4.4.2&Prime;][et_pb_blurb use_icon=\u00a0\u00bbon\u00a0\u00bb font_icon=\u00a0\u00bb%%109%%\u00a0\u00bb icon_color=\u00a0\u00bb#000000&Prime; icon_placement=\u00a0\u00bbleft\u00a0\u00bb use_icon_font_size=\u00a0\u00bbon\u00a0\u00bb icon_font_size=\u00a0\u00bb118px\u00a0\u00bb icon_font_size_tablet=\u00a0\u00bb\u00a0\u00bb icon_font_size_phone=\u00a0\u00bb90px\u00a0\u00bb icon_font_size_last_edited=\u00a0\u00bbon|tablet\u00a0\u00bb _builder_version=\u00a0\u00bb4.5.0&Prime; custom_margin=\u00a0\u00bb6px|9px|||false|false\u00a0\u00bb custom_padding=\u00a0\u00bb4px|5px||78px|false|false\u00a0\u00bb][\/et_pb_blurb][et_pb_contact_form captcha=\u00a0\u00bboff\u00a0\u00bb email=\u00a0\u00bbcoasteringcaladelpeix@gmail.com\u00a0\u00bb custom_message=\u00a0\u00bbEste es un mensage de la web guiesviaferratacaladelmoli||et_pb_line_break_holder||||et_pb_line_break_holder||%%Name%%||et_pb_line_break_holder||%%phone%%||et_pb_line_break_holder||%%email%%||et_pb_line_break_holder||%%message%%||et_pb_line_break_holder||%%aceptacion%%||et_pb_line_break_holder||||et_pb_line_break_holder||||et_pb_line_break_holder||\u00a0\u00bb success_message=\u00a0\u00bbGr\u00e1cias por contactar con nosotros !!\u00a0\u00bb submit_button_text=\u00a0\u00bbEnvoyer\u00a0\u00bb admin_label=\u00a0\u00bbContact Form\u00a0\u00bb module_id=\u00a0\u00bbet_pb_contact_form_0&Prime; _builder_version=\u00a0\u00bb4.5.0&Prime; form_field_background_color=\u00a0\u00bbrgba(0,0,0,0)\u00a0\u00bb form_field_text_color=\u00a0\u00bbrgba(43,130,58,0.79)\u00a0\u00bb title_level=\u00a0\u00bbh2&Prime; title_font=\u00a0\u00bb|700|||||||\u00a0\u00bb title_text_color=\u00a0\u00bbrgba(43,130,58,0.79)\u00a0\u00bb title_font_size=\u00a0\u00bb26px\u00a0\u00bb form_field_font=\u00a0\u00bb||||||||\u00a0\u00bb form_field_font_size=\u00a0\u00bb22px\u00a0\u00bb custom_button=\u00a0\u00bbon\u00a0\u00bb button_text_size=\u00a0\u00bb18px\u00a0\u00bb button_text_color=\u00a0\u00bb#000000&Prime; button_border_width=\u00a0\u00bb2px\u00a0\u00bb button_border_radius=\u00a0\u00bb11px\u00a0\u00bb button_letter_spacing=\u00a0\u00bb1px\u00a0\u00bb button_font=\u00a0\u00bb||||||||\u00a0\u00bb button_use_icon=\u00a0\u00bboff\u00a0\u00bb title_text_shadow_style=\u00a0\u00bbpreset1&Prime; title_text_shadow_color=\u00a0\u00bbrgba(43,130,58,0.79)\u00a0\u00bb border_radii=\u00a0\u00bbon|0px|0px|0px|0px\u00a0\u00bb border_color_all=\u00a0\u00bb#e09900&Prime; button_text_shadow_style=\u00a0\u00bbpreset2&Prime; button_text_shadow_horizontal_length=\u00a0\u00bb0.02em\u00a0\u00bb button_text_shadow_color=\u00a0\u00bbrgba(0,0,0,0)\u00a0\u00bb box_shadow_style=\u00a0\u00bbpreset1&Prime; box_shadow_spread=\u00a0\u00bb-8px\u00a0\u00bb box_shadow_color=\u00a0\u00bb#000000&Prime; box_shadow_style_button=\u00a0\u00bbpreset1&Prime; box_shadow_color_button=\u00a0\u00bbrgba(0,0,0,0)\u00a0\u00bb use_border_color=\u00a0\u00bboff\u00a0\u00bb border_color=\u00a0\u00bb#ffffff\u00a0\u00bb border_style=\u00a0\u00bbsolid\u00a0\u00bb input_border_radius=\u00a0\u00bb0&Prime; form_background_color=\u00a0\u00bbrgba(0,0,0,0)\u00a0\u00bb][et_pb_contact_field field_id=\u00a0\u00bbName\u00a0\u00bb field_title=\u00a0\u00bbNom\/Pr\u00e9nom\u00a0\u00bb _builder_version=\u00a0\u00bb4.5.0&Prime; form_field_background_color=\u00a0\u00bbrgba(0,0,0,0)\u00a0\u00bb form_field_text_color=\u00a0\u00bb#000000&Prime; form_field_font=\u00a0\u00bb||||\u00a0\u00bb form_field_font_size=\u00a0\u00bb15px\u00a0\u00bb width=\u00a0\u00bb100%\u00a0\u00bb use_border_color=\u00a0\u00bboff\u00a0\u00bb border_style=\u00a0\u00bbsolid\u00a0\u00bb button_text_size__hover_enabled=\u00a0\u00bboff\u00a0\u00bb button_one_text_size__hover_enabled=\u00a0\u00bboff\u00a0\u00bb button_two_text_size__hover_enabled=\u00a0\u00bboff\u00a0\u00bb button_text_color__hover_enabled=\u00a0\u00bboff\u00a0\u00bb button_one_text_color__hover_enabled=\u00a0\u00bboff\u00a0\u00bb button_two_text_color__hover_enabled=\u00a0\u00bboff\u00a0\u00bb button_border_width__hover_enabled=\u00a0\u00bboff\u00a0\u00bb button_one_border_width__hover_enabled=\u00a0\u00bboff\u00a0\u00bb button_two_border_width__hover_enabled=\u00a0\u00bboff\u00a0\u00bb button_border_color__hover_enabled=\u00a0\u00bboff\u00a0\u00bb button_one_border_color__hover_enabled=\u00a0\u00bboff\u00a0\u00bb button_two_border_color__hover_enabled=\u00a0\u00bboff\u00a0\u00bb button_border_radius__hover_enabled=\u00a0\u00bboff\u00a0\u00bb button_one_border_radius__hover_enabled=\u00a0\u00bboff\u00a0\u00bb button_two_border_radius__hover_enabled=\u00a0\u00bboff\u00a0\u00bb button_letter_spacing__hover_enabled=\u00a0\u00bboff\u00a0\u00bb button_one_letter_spacing__hover_enabled=\u00a0\u00bboff\u00a0\u00bb button_two_letter_spacing__hover_enabled=\u00a0\u00bboff\u00a0\u00bb button_bg_color__hover_enabled=\u00a0\u00bboff\u00a0\u00bb button_one_bg_color__hover_enabled=\u00a0\u00bboff\u00a0\u00bb button_two_bg_color__hover_enabled=\u00a0\u00bboff\u00a0\u00bb][\/et_pb_contact_field][et_pb_contact_field field_id=\u00a0\u00bbphone\u00a0\u00bb field_title=\u00a0\u00bbT\u00e9l\u00e9phone\u00a0\u00bb _builder_version=\u00a0\u00bb4.5.0&Prime; form_field_text_color=\u00a0\u00bb#000000&Prime; form_field_font=\u00a0\u00bb||||\u00a0\u00bb form_field_font_size=\u00a0\u00bb15px\u00a0\u00bb use_border_color=\u00a0\u00bboff\u00a0\u00bb border_style=\u00a0\u00bbsolid\u00a0\u00bb button_text_size__hover_enabled=\u00a0\u00bboff\u00a0\u00bb button_one_text_size__hover_enabled=\u00a0\u00bboff\u00a0\u00bb button_two_text_size__hover_enabled=\u00a0\u00bboff\u00a0\u00bb button_text_color__hover_enabled=\u00a0\u00bboff\u00a0\u00bb button_one_text_color__hover_enabled=\u00a0\u00bboff\u00a0\u00bb button_two_text_color__hover_enabled=\u00a0\u00bboff\u00a0\u00bb button_border_width__hover_enabled=\u00a0\u00bboff\u00a0\u00bb button_one_border_width__hover_enabled=\u00a0\u00bboff\u00a0\u00bb button_two_border_width__hover_enabled=\u00a0\u00bboff\u00a0\u00bb button_border_color__hover_enabled=\u00a0\u00bboff\u00a0\u00bb button_one_border_color__hover_enabled=\u00a0\u00bboff\u00a0\u00bb button_two_border_color__hover_enabled=\u00a0\u00bboff\u00a0\u00bb button_border_radius__hover_enabled=\u00a0\u00bboff\u00a0\u00bb button_one_border_radius__hover_enabled=\u00a0\u00bboff\u00a0\u00bb button_two_border_radius__hover_enabled=\u00a0\u00bboff\u00a0\u00bb button_letter_spacing__hover_enabled=\u00a0\u00bboff\u00a0\u00bb button_one_letter_spacing__hover_enabled=\u00a0\u00bboff\u00a0\u00bb button_two_letter_spacing__hover_enabled=\u00a0\u00bboff\u00a0\u00bb button_bg_color__hover_enabled=\u00a0\u00bboff\u00a0\u00bb button_one_bg_color__hover_enabled=\u00a0\u00bboff\u00a0\u00bb button_two_bg_color__hover_enabled=\u00a0\u00bboff\u00a0\u00bb] [\/et_pb_contact_field][et_pb_contact_field field_id=\u00a0\u00bbemail\u00a0\u00bb field_title=\u00a0\u00bbemail\u00a0\u00bb fullwidth_field=\u00a0\u00bbon\u00a0\u00bb _builder_version=\u00a0\u00bb4.4.7&Prime; form_field_text_color=\u00a0\u00bb#000000&Prime; form_field_font_size=\u00a0\u00bb17px\u00a0\u00bb][\/et_pb_contact_field][et_pb_contact_field field_id=\u00a0\u00bbmessage\u00a0\u00bb field_title=\u00a0\u00bbMessage\u00a0\u00bb field_type=\u00a0\u00bbtext\u00a0\u00bb fullwidth_field=\u00a0\u00bbon\u00a0\u00bb _builder_version=\u00a0\u00bb4.5.0&Prime; form_field_text_color=\u00a0\u00bb#000000&Prime; form_field_font=\u00a0\u00bb||||\u00a0\u00bb form_field_font_size=\u00a0\u00bb15px\u00a0\u00bb use_border_color=\u00a0\u00bboff\u00a0\u00bb border_style=\u00a0\u00bbsolid\u00a0\u00bb button_text_size__hover_enabled=\u00a0\u00bboff\u00a0\u00bb button_one_text_size__hover_enabled=\u00a0\u00bboff\u00a0\u00bb button_two_text_size__hover_enabled=\u00a0\u00bboff\u00a0\u00bb button_text_color__hover_enabled=\u00a0\u00bboff\u00a0\u00bb button_one_text_color__hover_enabled=\u00a0\u00bboff\u00a0\u00bb button_two_text_color__hover_enabled=\u00a0\u00bboff\u00a0\u00bb button_border_width__hover_enabled=\u00a0\u00bboff\u00a0\u00bb button_one_border_width__hover_enabled=\u00a0\u00bboff\u00a0\u00bb button_two_border_width__hover_enabled=\u00a0\u00bboff\u00a0\u00bb button_border_color__hover_enabled=\u00a0\u00bboff\u00a0\u00bb button_one_border_color__hover_enabled=\u00a0\u00bboff\u00a0\u00bb button_two_border_color__hover_enabled=\u00a0\u00bboff\u00a0\u00bb button_border_radius__hover_enabled=\u00a0\u00bboff\u00a0\u00bb button_one_border_radius__hover_enabled=\u00a0\u00bboff\u00a0\u00bb button_two_border_radius__hover_enabled=\u00a0\u00bboff\u00a0\u00bb button_letter_spacing__hover_enabled=\u00a0\u00bboff\u00a0\u00bb button_one_letter_spacing__hover_enabled=\u00a0\u00bboff\u00a0\u00bb button_two_letter_spacing__hover_enabled=\u00a0\u00bboff\u00a0\u00bb button_bg_color__hover_enabled=\u00a0\u00bboff\u00a0\u00bb button_one_bg_color__hover_enabled=\u00a0\u00bboff\u00a0\u00bb button_two_bg_color__hover_enabled=\u00a0\u00bboff\u00a0\u00bb] [\/et_pb_contact_field][et_pb_contact_field field_id=\u00a0\u00bbaceptacion\u00a0\u00bb field_title=\u00a0\u00bb \u00a0\u00bb field_type=\u00a0\u00bbcheckbox\u00a0\u00bb checkbox_options=\u00a0\u00bb%91{%22value%22:%22En envoyant ce formulaire, vous acceptez les conditions l\u00e9gales%22,%22checked%22:0,%22dragID%22:-1}%93&Prime; fullwidth_field=\u00a0\u00bbon\u00a0\u00bb _builder_version=\u00a0\u00bb4.5.0&Prime; form_field_background_color=\u00a0\u00bb#000000&Prime; form_field_text_color=\u00a0\u00bb#e09900&Prime; form_field_font=\u00a0\u00bb||||||||\u00a0\u00bb form_field_font_size=\u00a0\u00bb23px\u00a0\u00bb background_color=\u00a0\u00bbrgba(255,255,255,0.79)\u00a0\u00bb field_background_color=\u00a0\u00bbrgba(43,130,58,0.79)\u00a0\u00bb button_text_size__hover_enabled=\u00a0\u00bboff\u00a0\u00bb button_one_text_size__hover_enabled=\u00a0\u00bboff\u00a0\u00bb button_two_text_size__hover_enabled=\u00a0\u00bboff\u00a0\u00bb button_text_color__hover_enabled=\u00a0\u00bboff\u00a0\u00bb button_one_text_color__hover_enabled=\u00a0\u00bboff\u00a0\u00bb button_two_text_color__hover_enabled=\u00a0\u00bboff\u00a0\u00bb button_border_width__hover_enabled=\u00a0\u00bboff\u00a0\u00bb button_one_border_width__hover_enabled=\u00a0\u00bboff\u00a0\u00bb button_two_border_width__hover_enabled=\u00a0\u00bboff\u00a0\u00bb button_border_color__hover_enabled=\u00a0\u00bboff\u00a0\u00bb button_one_border_color__hover_enabled=\u00a0\u00bboff\u00a0\u00bb button_two_border_color__hover_enabled=\u00a0\u00bboff\u00a0\u00bb button_border_radius__hover_enabled=\u00a0\u00bboff\u00a0\u00bb button_one_border_radius__hover_enabled=\u00a0\u00bboff\u00a0\u00bb button_two_border_radius__hover_enabled=\u00a0\u00bboff\u00a0\u00bb button_letter_spacing__hover_enabled=\u00a0\u00bboff\u00a0\u00bb button_one_letter_spacing__hover_enabled=\u00a0\u00bboff\u00a0\u00bb button_two_letter_spacing__hover_enabled=\u00a0\u00bboff\u00a0\u00bb button_bg_color__hover_enabled=\u00a0\u00bboff\u00a0\u00bb button_one_bg_color__hover_enabled=\u00a0\u00bboff\u00a0\u00bb button_two_bg_color__hover_enabled=\u00a0\u00bboff\u00a0\u00bb][\/et_pb_contact_field][\/et_pb_contact_form][\/et_pb_column][et_pb_column type=\u00a0\u00bb1_2&Prime; _builder_version=\u00a0\u00bb4.4.2&Prime;][\/et_pb_column][\/et_pb_row][et_pb_row column_structure=\u00a0\u00bb1_2,1_2&Prime; _builder_version=\u00a0\u00bb4.4.2&Prime;][et_pb_column type=\u00a0\u00bb1_2&Prime; _builder_version=\u00a0\u00bb4.4.2&Prime;][et_pb_toggle title=\u00a0\u00bbConformit\u00e9 avec le RGPD (R\u00e8glement g\u00e9n\u00e9ral de la protection des donn\u00e9es)\u00a0\u00bb open_toggle_text_color=\u00a0\u00bb#000000&Prime; open_toggle_background_color=\u00a0\u00bbrgba(242,242,242,0.56)\u00a0\u00bb closed_toggle_text_color=\u00a0\u00bbrgba(242,242,242,0.97)\u00a0\u00bb closed_toggle_background_color=\u00a0\u00bb#e09900&Prime; icon_color=\u00a0\u00bb#000000&Prime; _builder_version=\u00a0\u00bb4.5.0&Prime; title_text_color=\u00a0\u00bb#000000&Prime; title_font=\u00a0\u00bb||||||||\u00a0\u00bb title_font_size=\u00a0\u00bb16px\u00a0\u00bb body_font=\u00a0\u00bb||||||||\u00a0\u00bb body_text_color=\u00a0\u00bb#000000&Prime; body_font_size=\u00a0\u00bb17px\u00a0\u00bb background_color=\u00a0\u00bb#e09900&Prime; border_width_all=\u00a0\u00bb2px\u00a0\u00bb border_color_all=\u00a0\u00bb#000000&Prime;]<\/p>\n<p><em>Por vous conformer\u00e0 la nouvelle loi sur la protection des done\u00e9s et garantir la s\u00e9curit\u00e9 de vous don\u00e9es, vous devez lire et accepter les \u00a0condicions legales:<\/em><\/p>\n<p>&nbsp;<\/p>\n<p><strong>.Responsable<\/strong>: Jean Patrick Deloizy.<\/p>\n<p><strong>.Objet des donne\u00e9s<\/strong>: Je r\u00e9pondrai au message que vous m\u2019avez envoy\u00e9 via le formularie.<\/p>\n<p><strong>.L\u00e8gimitimation:<\/strong> Votre consentement \u00e0 vouloir communiquer avec moi.<\/p>\n<p><strong>.Stockage des donn\u00e9es:<\/strong><\/p>\n<p>Base de donn\u00e9es h\u00e9berg\u00e9e sur hostinger<\/p>\n<p><strong>.Droits<\/strong>: Vous pouvez \u00e0 tot moment limiter, r\u00e9cup\u00e9rer et rechercher votre infaci\u00f3n<\/p>\n<p>[\/et_pb_toggle][\/et_pb_column][et_pb_column type=\u00a0\u00bb1_2&Prime; _builder_version=\u00a0\u00bb4.4.2&Prime;][\/et_pb_column][\/et_pb_row][et_pb_row column_structure=\u00a0\u00bb1_2,1_2&Prime; _builder_version=\u00a0\u00bb4.4.2&Prime;][et_pb_column type=\u00a0\u00bb1_2&Prime; _builder_version=\u00a0\u00bb4.4.2&Prime;][et_pb_text admin_label=\u00a0\u00bbText\u00a0\u00bb _builder_version=\u00a0\u00bb4.5.0&Prime; text_font=\u00a0\u00bb||||||||\u00a0\u00bb text_text_color=\u00a0\u00bb#000000&Prime; background_size=\u00a0\u00bbinitial\u00a0\u00bb background_position=\u00a0\u00bbtop_left\u00a0\u00bb background_repeat=\u00a0\u00bbrepeat\u00a0\u00bb custom_margin=\u00a0\u00bb3px|20px|30px|20px\u00a0\u00bb custom_padding=\u00a0\u00bb20px|20px|20px|20px\u00a0\u00bb use_border_color=\u00a0\u00bboff\u00a0\u00bb border_color=\u00a0\u00bb#ffffff\u00a0\u00bb border_style=\u00a0\u00bbsolid\u00a0\u00bb]<\/p>\n<p><span style=\"vertical-align: inherit;\"><span style=\"vertical-align: inherit;\"><strong>Adresse:<\/strong>\u00a0 Carrer de Sant Lloren\u00e7 39, 17220 Sant Feliu de Gu\u00edxols, Girona.<\/span><\/span><\/p>\n<p><strong><span style=\"vertical-align: inherit;\"><span style=\"vertical-align: inherit;\">T\u00e9l\u00e9phone:<\/span><\/span><\/strong><span style=\"vertical-align: inherit;\"><span style=\"vertical-align: inherit;\"> +34 640687966<\/span><\/span><\/p>\n<p><strong><span style=\"vertical-align: inherit;\"><span style=\"vertical-align: inherit;\">Plus d\u2019informations<\/span><\/span><\/strong><span style=\"vertical-align: inherit;\"><span style=\"vertical-align: inherit;\"> : \u00c9vadez-vous dans la via ferrata cala del Moli avec notre entreprise de sports d\u2019aventure sp\u00e9cialis\u00e9e \u00e0 Vias Ferratas. Nous sommes situes dans la ville de Sant Feliu de Guixols, G\u00e9rone, Costa Brava, Catalunya.<\/span><\/span><\/p>\n<p><strong>\u00a0<\/strong><\/p>\n<p>[\/et_pb_text][et_pb_text _builder_version=\u00a0\u00bb4.5.0&Prime; _module_preset=\u00a0\u00bbdefault\u00a0\u00bb]<\/p>\n<p><iframe loading=\"lazy\" style=\"border: 0;\" src=\"https:\/\/www.google.com\/maps\/embed?pb=!1m18!1m12!1m3!1d11900.597730473468!2d3.020745667495266!3d41.78199307922992!2m3!1f0!2f0!3f0!3m2!1i1024!2i768!4f13.1!3m3!1m2!1s0x12bb06bd0dee99fb%3A0x30c49b8a293b35d7!2sCarrer%20de%20Sant%20Lloren%C3%A7%2C%2039%2C%2017220%20Sant%20Feliu%20de%20Gu%C3%ADxols%2C%20Girona!5e0!3m2!1ses!2ses!4v1614680683989!5m2!1ses!2ses\" width=\"600\" height=\"450\" allowfullscreen=\"allowfullscreen\"><\/iframe><\/p>\n<p>[\/et_pb_text][\/et_pb_column][et_pb_column type=\u00a0\u00bb1_2&Prime; _builder_version=\u00a0\u00bb4.4.2&Prime;][\/et_pb_column][\/et_pb_row][et_pb_row column_structure=\u00a0\u00bb1_2,1_2&Prime; _builder_version=\u00a0\u00bb4.4.2&Prime;][et_pb_column type=\u00a0\u00bb1_2&Prime; _builder_version=\u00a0\u00bb4.4.2&Prime;][et_pb_text _builder_version=\u00a0\u00bb4.5.0&Prime; text_text_color=\u00a0\u00bb#e09900&Prime; text_font_size=\u00a0\u00bb19px\u00a0\u00bb]<\/p>\n<p>Nous sommes situ\u00e9s\u00e0 Sant Feliu de Gu\u00edxols, au coeur de la Costa Brava<\/p>\n<p>[\/et_pb_text][et_pb_text _builder_version=\u00a0\u00bb4.5.0&Prime;][\/et_pb_text][\/et_pb_column][et_pb_column type=\u00a0\u00bb1_2&Prime; _builder_version=\u00a0\u00bb4.4.2&Prime;][\/et_pb_column][\/et_pb_row][et_pb_row column_structure=\u00a0\u00bb1_2,1_2&Prime; _builder_version=\u00a0\u00bb4.4.2&Prime;][et_pb_column type=\u00a0\u00bb1_2&Prime; _builder_version=\u00a0\u00bb4.4.2&Prime;][et_pb_text _builder_version=\u00a0\u00bb4.5.0&Prime; text_text_color=\u00a0\u00bb#000000&Prime; text_font_size=\u00a0\u00bb18px\u00a0\u00bb]<\/p>\n<p><strong>Distance G\u00e9rone<\/strong><\/p>\n<p>30 km \u2013 en voiture 35\u2019 \u2013 en Bus Teisa 45\u2019<\/p>\n<p>[\/et_pb_text][et_pb_divider color=\u00a0\u00bb#e09900&Prime; divider_weight=\u00a0\u00bb2px\u00a0\u00bb _builder_version=\u00a0\u00bb4.4.2&Prime; custom_margin=\u00a0\u00bb|193px|0px|0px|false|false\u00a0\u00bb custom_padding=\u00a0\u00bb|8px|0px|0px|false|false\u00a0\u00bb][\/et_pb_divider][et_pb_text _builder_version=\u00a0\u00bb4.5.0&Prime; text_text_color=\u00a0\u00bb#000000&Prime; text_font_size=\u00a0\u00bb18px\u00a0\u00bb]<\/p>\n<p><strong>Distance de Barcelone<\/strong><\/p>\n<p>110 km \u2013 en voiture 1h 20\u2032 \u2013 en Bus Teisa 2h<\/p>\n<p>[\/et_pb_text][et_pb_divider color=\u00a0\u00bb#e09900&Prime; divider_weight=\u00a0\u00bb2px\u00a0\u00bb _builder_version=\u00a0\u00bb4.4.2&Prime; custom_margin=\u00a0\u00bb|193px|0px|0px|false|false\u00a0\u00bb custom_padding=\u00a0\u00bb|8px|0px|0px|false|false\u00a0\u00bb][\/et_pb_divider][et_pb_text _builder_version=\u00a0\u00bb4.5.0&Prime; text_text_color=\u00a0\u00bb#000000&Prime; text_font_size=\u00a0\u00bb18px\u00a0\u00bb]<\/p>\n<p><strong>Distance de Perpignan<\/strong><\/p>\n<p>130 km \u2013 en voiture 1h 40\u2032<\/p>\n<p>[\/et_pb_text][et_pb_divider color=\u00a0\u00bb#e09900&Prime; divider_weight=\u00a0\u00bb2px\u00a0\u00bb _builder_version=\u00a0\u00bb4.4.2&Prime; custom_margin=\u00a0\u00bb|193px|0px|0px|false|false\u00a0\u00bb custom_padding=\u00a0\u00bb|8px|0px|0px|false|false\u00a0\u00bb][\/et_pb_divider][et_pb_text _builder_version=\u00a0\u00bb4.5.0&Prime; text_text_color=\u00a0\u00bb#000000&Prime; text_font_size=\u00a0\u00bb18px\u00a0\u00bb]<\/p>\n<p><strong>Distance de Andorra<\/strong><\/p>\n<p>250 km \u2013 en voiture 2 h 30\u2032<\/p>\n<p>[\/et_pb_text][et_pb_divider color=\u00a0\u00bb#e09900&Prime; divider_weight=\u00a0\u00bb2px\u00a0\u00bb _builder_version=\u00a0\u00bb4.4.2&Prime; custom_margin=\u00a0\u00bb|193px|0px|0px|false|false\u00a0\u00bb custom_padding=\u00a0\u00bb|8px|0px|0px|false|false\u00a0\u00bb][\/et_pb_divider][\/et_pb_column][et_pb_column type=\u00a0\u00bb1_2&Prime; _builder_version=\u00a0\u00bb4.4.2&Prime;][\/et_pb_column][\/et_pb_row][\/et_pb_section]<\/p>\n","protected":false},"excerpt":{"rendered":"<p>Vous pouvez nous contacter maintenant :<div class=\"et_pb_module dsm_button dsm_button_0 et_pb_bg_layout_light\">\n\t\t\t\t\n\t\t\t\t\n\t\t\t\t\n\t\t\t\t\n\t\t\t\t\n\t\t\t\t\n\t\t\t\t<div class=\"et_pb_module_inner\">\n\t\t\t\t\t<div class=\"et_pb_button_module_wrapper dsm_button_0_wrapper et_pb_button_alignment_\u00bbcenter et_pb_module\">\n\t\t\t\t<a class=\"et_pb_button et_pb_button_one et_pb_bg_layout_light dsm-none \"  href=\"\" data-dsm-lightbox-id=\"dsm_button_one_lightbox dsm_button_0\">\u00bbT\u00e9l\u00e9phone<\/a><a class=\"et_pb_button et_pb_button_two et_pb_bg_layout_light dsm-none \"  href=\"\" data-dsm-lightbox-id=\"dsm_button_two_lightbox dsm_button_0\">\u00bbWatsapp<\/a>\n\t\t\t<\/div>\n\t\t\t\t<\/div>\n\t\t\t<\/div><\/p>\n","protected":false},"author":1,"featured_media":0,"parent":0,"menu_order":0,"comment_status":"closed","ping_status":"closed","template":"","meta":{"_et_pb_use_builder":"on","_et_pb_old_content":"","_et_gb_content_width":"","footnotes":""},"class_list":["post-398","page","type-page","status-publish","hentry"],"_links":{"self":[{"href":"https:\/\/guiesviaferratacaladelmoli.com\/fr\/wp-json\/wp\/v2\/pages\/398","targetHints":{"allow":["GET"]}}],"collection":[{"href":"https:\/\/guiesviaferratacaladelmoli.com\/fr\/wp-json\/wp\/v2\/pages"}],"about":[{"href":"https:\/\/guiesviaferratacaladelmoli.com\/fr\/wp-json\/wp\/v2\/types\/page"}],"author":[{"embeddable":true,"href":"https:\/\/guiesviaferratacaladelmoli.com\/fr\/wp-json\/wp\/v2\/users\/1"}],"replies":[{"embeddable":true,"href":"https:\/\/guiesviaferratacaladelmoli.com\/fr\/wp-json\/wp\/v2\/comments?post=398"}],"version-history":[{"count":7,"href":"https:\/\/guiesviaferratacaladelmoli.com\/fr\/wp-json\/wp\/v2\/pages\/398\/revisions"}],"predecessor-version":[{"id":410,"href":"https:\/\/guiesviaferratacaladelmoli.com\/fr\/wp-json\/wp\/v2\/pages\/398\/revisions\/410"}],"wp:attachment":[{"href":"https:\/\/guiesviaferratacaladelmoli.com\/fr\/wp-json\/wp\/v2\/media?parent=398"}],"curies":[{"name":"wp","href":"https:\/\/api.w.org\/{rel}","templated":true}]}}